{"id":22,"date":"2021-12-16T03:09:26","date_gmt":"2021-12-16T03:09:26","guid":{"rendered":"https:\/\/www.burgham.ca\/?page_id=22"},"modified":"2025-12-12T21:37:13","modified_gmt":"2025-12-12T21:37:13","slug":"about-us","status":"publish","type":"page","link":"https:\/\/burgham.ca\/fr\/about-us\/","title":{"rendered":"\u00c0 propos"},"content":{"rendered":"<div class=\"wp-block-uagb-container uagb-block-c25fd9b9 alignfull uagb-is-root-container\"><div class=\"uagb-container-inner-blocks-wrap\">\n<div id=\"history\" class=\"wp-block-uagb-container uagb-block-0babb9f5\">\n<div class=\"wp-block-uagb-info-box uagb-block-cc418a92 uagb-infobox__content-wrap  uagb-infobox-icon-above-title uagb-infobox-image-valign-top\"><div class=\"uagb-ifb-content\"><div class=\"uagb-ifb-title-wrap\"><h2 class=\"uagb-ifb-title\">Notre histoire<\/h2><\/div><div class=\"uagb-ifb-desc\">\n<p>Burgham Sales Ltd est une entreprise familiale canadienne fond\u00e9e en 1953 par Hans Schlichtmann Sr.\u00a0 Les op\u00e9rations ont commenc\u00e9 \u00e0 Montr\u00e9al, Qu\u00e9bec, faisant l'importation d'une vari\u00e9t\u00e9 de marchandises, du mat\u00e9riel aux articles m\u00e9nagers divers.<\/p>\n\n\n\n<p>En d\u00e9couvrant rapidement le march\u00e9 bourgeonnant pour les cages d'oiseaux, Burgham s'est vite concentr\u00e9 uniquement sur le march\u00e9 grandissant de fournitures et accessoires pour animaux.\u00a0 Tirant de son exp\u00e9rience et de ses contacts \u00e0 travers le monde, Hans Sr a \u00e9largi sa s\u00e9lection de produits en faisant l'importation, et en obtenant directement, des produits de fabricants de marque, et en cr\u00e9ant ses propres marques.<\/p>\n<\/div><\/div><\/div>\n<\/div>\n\n\n\n<div class=\"wp-block-uagb-image uagb-block-46e69730 wp-block-uagb-image--layout-default wp-block-uagb-image--effect-static wp-block-uagb-image--align-none burgham-logo-large\"><figure class=\"wp-block-uagb-image__figure\"><a class=\"\" href=\"https:\/\/burgham.ca\/wp-content\/uploads\/2021\/12\/Burgham-logo.png\" target=\"\" rel=\"noopener\"><img loading=\"lazy\" decoding=\"async\" srcset=\"https:\/\/burgham.ca\/wp-content\/uploads\/2021\/12\/Burgham-logo.png ,https:\/\/burgham.ca\/wp-content\/uploads\/2021\/12\/Burgham-logo.png 780w, https:\/\/burgham.ca\/wp-content\/uploads\/2021\/12\/Burgham-logo.png 360w\" sizes=\"auto, (max-width: 480px) 150px\" src=\"https:\/\/burgham.ca\/wp-content\/uploads\/2021\/12\/Burgham-logo.png\" alt=\"Burgham Logo\" class=\"uag-image-16\" width=\"1024\" height=\"1024\" title=\"Burgham-logo\" role=\"img\"\/><\/a><\/figure><\/div>\n<\/div><\/div>\n\n\n\n<div class=\"wp-block-uagb-container uagb-block-18f173bd alignfull uagb-is-root-container\"><div class=\"uagb-container-inner-blocks-wrap\">\n<div class=\"wp-block-uagb-image uagb-block-a187a3c5 wp-block-uagb-image--layout-default wp-block-uagb-image--effect-static wp-block-uagb-image--align-none\"><figure class=\"wp-block-uagb-image__figure\"><a class=\"\" href=\"https:\/\/burgham.ca\/wp-content\/uploads\/2025\/12\/imagejpeg_0-copy.jpg\" target=\"\" rel=\"noopener\"><img decoding=\"async\" srcset=\"https:\/\/burgham.ca\/wp-content\/uploads\/2025\/12\/imagejpeg_0-copy.jpg ,https:\/\/burgham.ca\/wp-content\/uploads\/2025\/12\/imagejpeg_0-copy.jpg 780w, https:\/\/burgham.ca\/wp-content\/uploads\/2025\/12\/imagejpeg_0-copy.jpg 360w\" sizes=\"auto, (max-width: 480px) 150px\" src=\"https:\/\/burgham.ca\/wp-content\/uploads\/2025\/12\/imagejpeg_0-copy.jpg\" alt=\"Burgham group Photo\" class=\"uag-image-172696\" width=\"1024\" height=\"1024\" title=\"imagejpeg_0 copy\" loading=\"lazy\" role=\"img\"\/><\/a><\/figure><\/div>\n\n\n\n<div class=\"wp-block-uagb-container uagb-block-a0120fe7\">\n<div class=\"wp-block-uagb-info-box uagb-block-6fd9ee7c uagb-infobox__content-wrap  uagb-infobox-icon-above-title uagb-infobox-image-valign-top\"><div class=\"uagb-ifb-content\"><div class=\"uagb-ifb-title-wrap\"><\/div><div class=\"uagb-ifb-desc\">\n<p>Au d\u00e9but des ann\u00e9es 1970, et Burgham et la famille Schlichtmann s'aggrandissaient, et ils ont d\u00e9m\u00e9nag\u00e9 \u00e0 Toronto, Ontario.\u00a0 Aujourd'hui, ayant son si\u00e8ge social \u00e0 Pickering (nich\u00e9 dans le coin nord-est de Toronto), Burgham fabrique et distribue aussi beaucoup de produits fabriqu\u00e9s au Canada.\u00a0 Avec la croissance continue de l'industrie animale, Burgham Sales a aussi grandi et est devenu un des principaux importateurs, fabricants et distributeurs canadiens des marques de produits pour animaux les plus vendues au Canada.<\/p>\n\n\n\n<p>Aujourd'hui, Burgham Sales Ltd. continue \u00e0 modifier et \u00e0 \u00e9tandre la gamme de produits offerts afin de satisfaire les besoins du march\u00e9 canadien, desservant les comptes au d\u00e9tail de toutes grandeurs \u00e0 travers le pays avec une \u00e9quipe de vente nationale \u00e9nergique.\u00a0 Les vieilles valeurs inculqu\u00e9es par Hans Sr. tiennent encore ch\u00e8rement aujourd'hui:&nbsp;<strong>la Qualit\u00e9, la Valeur, le Service!<\/strong><\/p>\n<\/div><\/div><\/div>\n<\/div>\n<\/div><\/div>\n\n\n\n<div class=\"wp-block-uagb-container uagb-block-6ca2fee4 alignfull uagb-is-root-container\"><div class=\"uagb-container-inner-blocks-wrap\">\n<div class=\"wp-block-uagb-advanced-heading uagb-block-1863af38\" id=\"corporate\"><h2 class=\"uagb-heading-text\">Profil d'entreprise<\/h2><\/div>\n\n\n\n<p>Burgham Sales Ltd est un principal importateur, distributeur et fabricant canadien de fournitures et accessoires pour animaux.\u00a0 Nous pouvons fournir au d\u00e9taillant de fournitures pour animaux une ligne compl\u00e8te avec notre inventaire de plus de 10 000 \u00e9l\u00e9ments.\u00a0 Nos produits nous proviennent de manufacturiers sup\u00e9rieurs \u00e0 travers le monde, et incluent plusieurs marques bien connues dans l'industrie.\u00a0 Depuis l'ajout de la nourriture pour animaux \u00e0 notre offre en 2007, nous sommes presque un magasin centralis\u00e9 pour chaque d\u00e9partement d'un point de vente de fournitures pour animaux.<\/p>\n\n\n\n<p>Nous entretenons des points de vente au d\u00e9tail pour animaux \u00e0 travers le Canada, y compris les points de vente au d\u00e9tail ind\u00e9pendants, les magasins d'animaux \u00e0 chaine, les magasins d'alimentation pour fermes, et les v\u00e9t\u00e9rinaires.\u00a0 Notre \u00e9quipe exp\u00e9riment\u00e9e de repr\u00e9sentants des ventes assure l'entretien des clients, soutenue par nos sp\u00e9cialistes consacr\u00e9s au soin de nos clients, nos sp\u00e9cialistes de bureau et nos sp\u00e9cialistes de distribution.\u00a0 Les commandes sont exp\u00e9di\u00e9es sur nos propres camions dans la r\u00e9gion \"Golden Horseshoe\" de l'Ontario, et par des courriers partenaires et des transporteurs de fret pour tous les autres points \u00e0 travers le Canada.<\/p>\n<\/div><\/div>\n\n\n\n<div class=\"wp-block-uagb-container uagb-block-ec7bf505 alignfull uagb-is-root-container\"><div class=\"uagb-container-inner-blocks-wrap\">\n<div class=\"wp-block-uagb-image uagb-block-02f206c8 wp-block-uagb-image--layout-default wp-block-uagb-image--effect-static wp-block-uagb-image--align-none petscanada-logo-large\"><figure class=\"wp-block-uagb-image__figure\"><a class=\"\" href=\"https:\/\/burgham.ca\/wp-content\/uploads\/2025\/12\/Pets-Canada-ENG-Logo.png.png\" target=\"\" rel=\"noopener\"><img loading=\"lazy\" decoding=\"async\" srcset=\"https:\/\/burgham.ca\/wp-content\/uploads\/2025\/12\/Pets-Canada-ENG-Logo.png-1024x497.png ,https:\/\/burgham.ca\/wp-content\/uploads\/2025\/12\/Pets-Canada-ENG-Logo.png.png 780w, https:\/\/burgham.ca\/wp-content\/uploads\/2025\/12\/Pets-Canada-ENG-Logo.png.png 360w\" sizes=\"auto, (max-width: 480px) 150px\" src=\"https:\/\/burgham.ca\/wp-content\/uploads\/2025\/12\/Pets-Canada-ENG-Logo.png-1024x497.png\" alt=\"Pets Canada Logo\" class=\"uag-image-172697\" width=\"1024\" height=\"1024\" title=\"Pets-Canada-ENG-Logo.png\" role=\"img\"\/><\/a><\/figure><\/div>\n\n\n\n<div class=\"wp-block-uagb-container uagb-block-13f0551b\">\n<div class=\"wp-block-uagb-info-box uagb-block-03fe8c6f uagb-infobox__content-wrap  uagb-infobox-icon-above-title uagb-infobox-image-valign-top\" id=\"professional\"><div class=\"uagb-ifb-content\"><div class=\"uagb-ifb-title-wrap\"><h2 class=\"uagb-ifb-title\">Organisations professionnelles<\/h2><\/div><div class=\"uagb-ifb-desc\">\n<p>Burgham Sales Ltd est fier d'\u00eatre un membre fondateur de PIJAC Canada.\u00a0 PIJAC Canada est la voix de l'industrie canadienne pour animaux.\u00a0 En tant qu'organisme sans but lucratif, bas\u00e9 sur ses membres, PIJAC Canada d\u00e9fend les int\u00e9r\u00eats de l'industrie canadienne pour animaux, tout en fonctionnant comme une source cr\u00e9dible d'information et d'\u00e9ducation pour les entreprises reli\u00e9es aux animaux.\u00a0 Apprenez plus\u00a0ici\u00a0au sujet de PIJAC Canada.<\/p>\n<\/div><\/div><\/div>\n<\/div>\n<\/div><\/div>","protected":false},"excerpt":{"rendered":"<p>Corporate Profile Burgham Sales Ltd. is a leading Canadian importer, distributor and manufacturer of pet supplies and accessories. We are capable of completely furnishing a full line pet supply retailer with our inventory of over 10,000 items. Our products are sourced all around the world from top manufacturers, and include many well known industry brands. [&hellip;]<\/p>","protected":false},"author":2,"featured_media":0,"parent":0,"menu_order":0,"comment_status":"closed","ping_status":"closed","template":"","meta":{"_uag_custom_page_level_css":"","footnotes":""},"class_list":["post-22","page","type-page","status-publish","hentry"],"uagb_featured_image_src":{"full":false,"thumbnail":false,"medium":false,"medium_large":false,"large":false,"1536x1536":false,"2048x2048":false,"trp-custom-language-flag":false,"woocommerce_thumbnail":false,"woocommerce_single":false,"woocommerce_gallery_thumbnail":false,"dgwt-wcas-product-suggestion":false},"uagb_author_info":{"display_name":"Mike Berube","author_link":"https:\/\/burgham.ca\/fr\/author\/mike\/"},"uagb_comment_info":0,"uagb_excerpt":"Corporate Profile Burgham Sales Ltd. is a leading Canadian importer, distributor and manufacturer of pet supplies and accessories. We are capable of completely furnishing a full line pet supply retailer with our inventory of over 10,000 items. Our products are sourced all around the world from top manufacturers, and include many well known industry brands.&hellip;","_links":{"self":[{"href":"https:\/\/burgham.ca\/fr\/wp-json\/wp\/v2\/pages\/22","targetHints":{"allow":["GET"]}}],"collection":[{"href":"https:\/\/burgham.ca\/fr\/wp-json\/wp\/v2\/pages"}],"about":[{"href":"https:\/\/burgham.ca\/fr\/wp-json\/wp\/v2\/types\/page"}],"author":[{"embeddable":true,"href":"https:\/\/burgham.ca\/fr\/wp-json\/wp\/v2\/users\/2"}],"replies":[{"embeddable":true,"href":"https:\/\/burgham.ca\/fr\/wp-json\/wp\/v2\/comments?post=22"}],"version-history":[{"count":18,"href":"https:\/\/burgham.ca\/fr\/wp-json\/wp\/v2\/pages\/22\/revisions"}],"predecessor-version":[{"id":172709,"href":"https:\/\/burgham.ca\/fr\/wp-json\/wp\/v2\/pages\/22\/revisions\/172709"}],"wp:attachment":[{"href":"https:\/\/burgham.ca\/fr\/wp-json\/wp\/v2\/media?parent=22"}],"curies":[{"name":"wp","href":"https:\/\/api.w.org\/{rel}","templated":true}]}}